{"id":1114,"date":"2021-03-01T15:05:32","date_gmt":"2021-03-01T06:05:32","guid":{"rendered":"https:\/\/saruya-hostel.com\/acces-et-parking\/"},"modified":"2023-06-22T16:37:19","modified_gmt":"2023-06-22T07:37:19","slug":"acces","status":"publish","type":"page","link":"https:\/\/saruya-hostel.com\/fr\/acces\/","title":{"rendered":"Acc\u00e8s"},"content":{"rendered":"<section class=\"wpb-content-wrapper\"><p>[vc_row row_height_percent=\u00a0\u00bb65&Prime; back_image=\u00a0\u00bb105294&Prime; back_position=\u00a0\u00bbcenter bottom\u00a0\u00bb parallax=\u00a0\u00bbyes\u00a0\u00bb overlay_alpha=\u00a0\u00bb15&Prime; gutter_size=\u00a0\u00bb3&Prime; column_width_percent=\u00a0\u00bb100&Prime; shift_y=\u00a0\u00bb0&Prime; z_index=\u00a0\u00bb0&Prime; uncode_shortcode_id=\u00a0\u00bb158201&Prime;][vc_column column_width_percent=\u00a0\u00bb100&Prime; position_vertical=\u00a0\u00bbmiddle\u00a0\u00bb align_horizontal=\u00a0\u00bbalign_center\u00a0\u00bb gutter_size=\u00a0\u00bb3&Prime; style=\u00a0\u00bbdark\u00a0\u00bb overlay_alpha=\u00a0\u00bb50&Prime; shift_x=\u00a0\u00bb0&Prime; shift_y=\u00a0\u00bb0&Prime; shift_y_down=\u00a0\u00bb0&Prime; z_index=\u00a0\u00bb0&Prime; medium_width=\u00a0\u00bb0&Prime; mobile_width=\u00a0\u00bb0&Prime; width=\u00a0\u00bb1\/1&Prime;][vc_custom_heading text_color=\u00a0\u00bbcolor-xsdn\u00a0\u00bb heading_semantic=\u00a0\u00bbh1&Prime; text_size=\u00a0\u00bbh1&Prime; css_animation=\u00a0\u00bbsingle-curtain\u00a0\u00bb animation_speed=\u00a0\u00bb1000&Prime;]ACCES ET PARKING[\/vc_custom_heading][\/vc_column][\/vc_row][vc_row row_height_percent=\u00a0\u00bb0&Prime; override_padding=\u00a0\u00bbyes\u00a0\u00bb h_padding=\u00a0\u00bb7&Prime; top_padding=\u00a0\u00bb6&Prime; bottom_padding=\u00a0\u00bb4&Prime; overlay_alpha=\u00a0\u00bb50&Prime; gutter_size=\u00a0\u00bb3&Prime; column_width_percent=\u00a0\u00bb100&Prime; shift_y=\u00a0\u00bb0&Prime; z_index=\u00a0\u00bb0&Prime;][vc_column width=\u00a0\u00bb1\/1&Prime;][vc_column_text css_animation=\u00a0\u00bbbottom-t-top\u00a0\u00bb animation_speed=\u00a0\u00bb1000&Prime;]Saruya Hostel se situe au pied du Mt Fuji dans la pr\u00e9f\u00e9cture de Yamanashi.<br \/>\nAccessible facilement depuis Tokyo, nous sommes \u00e0 1h30 de Shijuku via l&rsquo;autoroute Chuodo.<br \/>\nUne ligne de bus suit la m\u00eame route et vous d\u00e9pose \u00e0 une station situ\u00e9e \u00e0 15 minutes \u00e0 pied de l\u2019h\u00f4tel.<\/p>\n<p>Vous trouverez ci dessous des informations relatives au parking ainsi qu&rsquo;au diff\u00e9rents moyen de vous rendre \u00e0 notre h\u00f4tel.[\/vc_column_text][vc_column_text css_animation=\u00a0\u00bbbottom-t-top\u00a0\u00bb animation_speed=\u00a0\u00bb1000&Prime;]<\/p>\n<h3>Adresse<\/h3>\n<p>Saruya Hostel<br \/>\n3-6-26 Shimoyoshida, Fujiyoshida<br \/>\nYamanashi 403-0004<br \/>\nTel: 0555-75-2214<\/p>\n<p><a class=\"btn btn-color-wvjs btn-sm btn-outline btn-round btn-italic btn-icon-left\" href=\"https:\/\/goo.gl\/maps\/ff13aRu7P1LH3uGr8\" target=\"_blank\" rel=\"noopener noreferrer\"><i class=\"fa fa-map-o\"><\/i>VOIR SUR GOOGLE MAPS<\/a>[\/vc_column_text][\/vc_column][\/vc_row][vc_row row_height_percent=\u00a0\u00bb0&Prime; override_padding=\u00a0\u00bbyes\u00a0\u00bb h_padding=\u00a0\u00bb2&Prime; top_padding=\u00a0\u00bb4&Prime; bottom_padding=\u00a0\u00bb0&Prime; overlay_alpha=\u00a0\u00bb50&Prime; gutter_size=\u00a0\u00bb3&Prime; column_width_percent=\u00a0\u00bb100&Prime; shift_y=\u00a0\u00bb0&Prime; z_index=\u00a0\u00bb0&Prime;][vc_column width=\u00a0\u00bb1\/1&Prime;][vc_custom_heading css_animation=\u00a0\u00bbsingle-curtain\u00a0\u00bb animation_speed=\u00a0\u00bb1000&Prime; uncode_shortcode_id=\u00a0\u00bb746052&Prime;]Parking[\/vc_custom_heading][vc_row_inner][vc_column_inner column_width_percent=\u00a0\u00bb100&Prime; gutter_size=\u00a0\u00bb3&Prime; overlay_alpha=\u00a0\u00bb50&Prime; shift_x=\u00a0\u00bb0&Prime; shift_y=\u00a0\u00bb0&Prime; shift_y_down=\u00a0\u00bb0&Prime; z_index=\u00a0\u00bb0&Prime; medium_visibility=\u00a0\u00bbyes\u00a0\u00bb medium_width=\u00a0\u00bb0&Prime; mobile_visibility=\u00a0\u00bbyes\u00a0\u00bb mobile_width=\u00a0\u00bb0&Prime; width=\u00a0\u00bb1\/3&Prime;][vc_single_image media=\u00a0\u00bb105613&Prime; media_width_percent=\u00a0\u00bb100&Prime; uncode_shortcode_id=\u00a0\u00bb870424&Prime;][\/vc_column_inner][vc_column_inner column_width_percent=\u00a0\u00bb100&Prime; gutter_size=\u00a0\u00bb3&Prime; overlay_alpha=\u00a0\u00bb50&Prime; shift_x=\u00a0\u00bb0&Prime; shift_y=\u00a0\u00bb0&Prime; shift_y_down=\u00a0\u00bb0&Prime; z_index=\u00a0\u00bb0&Prime; medium_width=\u00a0\u00bb7&Prime; mobile_width=\u00a0\u00bb7&Prime; width=\u00a0\u00bb2\/3&Prime; uncode_shortcode_id=\u00a0\u00bb951268&Prime;][vc_column_text css_animation=\u00a0\u00bbbottom-t-top\u00a0\u00bb animation_speed=\u00a0\u00bb1000&Prime; uncode_shortcode_id=\u00a0\u00bb977503&Prime;]Il n&rsquo;y a pas de place de parking \u00e0 l&rsquo;h\u00f4tel, mais un parking public est disponible \u00e0 50 m\u00e8tre de l&rsquo;h\u00f4tel au prix de 100\u00a5\/h ou bien 500\u00a5\/12h.[\/vc_column_text][\/vc_column_inner][\/vc_row_inner][\/vc_column][\/vc_row][vc_row row_height_percent=\u00a0\u00bb0&Prime; override_padding=\u00a0\u00bbyes\u00a0\u00bb h_padding=\u00a0\u00bb2&Prime; top_padding=\u00a0\u00bb4&Prime; bottom_padding=\u00a0\u00bb0&Prime; overlay_alpha=\u00a0\u00bb50&Prime; gutter_size=\u00a0\u00bb3&Prime; column_width_percent=\u00a0\u00bb100&Prime; shift_y=\u00a0\u00bb0&Prime; z_index=\u00a0\u00bb0&Prime;][vc_column width=\u00a0\u00bb1\/1&Prime;][vc_custom_heading css_animation=\u00a0\u00bbsingle-curtain\u00a0\u00bb animation_speed=\u00a0\u00bb1000&Prime;]Venir \u00e0 Saruya Hostel en bus ou train.[\/vc_custom_heading][vc_row_inner][vc_column_inner column_width_percent=\u00a0\u00bb100&Prime; gutter_size=\u00a0\u00bb3&Prime; overlay_alpha=\u00a0\u00bb50&Prime; shift_x=\u00a0\u00bb0&Prime; shift_y=\u00a0\u00bb0&Prime; shift_y_down=\u00a0\u00bb0&Prime; z_index=\u00a0\u00bb0&Prime; medium_width=\u00a0\u00bb7&Prime; mobile_width=\u00a0\u00bb7&Prime; width=\u00a0\u00bb2\/3&Prime;][vc_column_text css_animation=\u00a0\u00bbbottom-t-top\u00a0\u00bb animation_speed=\u00a0\u00bb1000&Prime;]Saruya est accessible en bus et en train depuis Tokyo, Kyoto ainsi que les a\u00e9roports de Haneda et Narita.<\/p>\n<p>Vous trouverez des liens vers les sites internets de ces lignes pour acheter vos billets en avance. Nous recommandons cette option pour vous assurer d&rsquo;avoir une place. Les bus peuvent se remplir rapidement pendant la haute saison, nous vous encourageons a prendre le temps de faire une r\u00e9servation.[\/vc_column_text][\/vc_column_inner][vc_column_inner column_width_percent=\u00a0\u00bb100&Prime; gutter_size=\u00a0\u00bb3&Prime; overlay_alpha=\u00a0\u00bb50&Prime; shift_x=\u00a0\u00bb0&Prime; shift_y=\u00a0\u00bb0&Prime; shift_y_down=\u00a0\u00bb0&Prime; z_index=\u00a0\u00bb0&Prime; medium_visibility=\u00a0\u00bbyes\u00a0\u00bb medium_width=\u00a0\u00bb0&Prime; mobile_visibility=\u00a0\u00bbyes\u00a0\u00bb mobile_width=\u00a0\u00bb0&Prime; width=\u00a0\u00bb1\/3&Prime;][\/vc_column_inner][\/vc_row_inner][\/vc_column][\/vc_row][vc_row row_height_percent=\u00a0\u00bb0&Prime; override_padding=\u00a0\u00bbyes\u00a0\u00bb h_padding=\u00a0\u00bb0&Prime; top_padding=\u00a0\u00bb2&Prime; bottom_padding=\u00a0\u00bb2&Prime; overlay_alpha=\u00a0\u00bb50&Prime; gutter_size=\u00a0\u00bb3&Prime; column_width_percent=\u00a0\u00bb100&Prime; shift_y=\u00a0\u00bb0&Prime; z_index=\u00a0\u00bb0&Prime;][vc_column width=\u00a0\u00bb1\/1&Prime;][vc_single_image media=\u00a0\u00bb1035&Prime; media_lightbox=\u00a0\u00bbyes\u00a0\u00bb media_width_percent=\u00a0\u00bb100&Prime; advanced=\u00a0\u00bbyes\u00a0\u00bb media_items=\u00a0\u00bbmedia|original,icon|md\u00a0\u00bb media_overlay_opacity=\u00a0\u00bb50&Prime; media_h_align=\u00a0\u00bbcenter\u00a0\u00bb media_h_position=\u00a0\u00bbcenter\u00a0\u00bb media_padding=\u00a0\u00bb2&Prime; media_icon=\u00a0\u00bbfa fa-expand3&Prime; css_animation=\u00a0\u00bbbottom-t-top\u00a0\u00bb animation_speed=\u00a0\u00bb1000&Prime;][\/vc_column][\/vc_row][vc_row row_height_percent=\u00a0\u00bb0&Prime; override_padding=\u00a0\u00bbyes\u00a0\u00bb h_padding=\u00a0\u00bb2&Prime; top_padding=\u00a0\u00bb0&Prime; bottom_padding=\u00a0\u00bb4&Prime; overlay_alpha=\u00a0\u00bb50&Prime; gutter_size=\u00a0\u00bb3&Prime; column_width_percent=\u00a0\u00bb100&Prime; shift_y=\u00a0\u00bb0&Prime; z_index=\u00a0\u00bb0&Prime;][vc_column width=\u00a0\u00bb1\/3&Prime;][vc_column_text]<\/p>\n<h3><b>Tokyo<\/b><\/h3>\n<p><strong>Depuis Tokyo Station<\/strong><br \/>\n<a href=\"https:\/\/www.kosokubus.com\/en\/special\/tokyo_kawaguchiko.html\" target=\"_blank\" rel=\"noopener\">Bus pour la gare Mt Fuji<\/a> (ou l&rsquo;arr\u00eat Shimoyoshida)<\/p>\n<p><strong>Depuis la gare de Shinjuku<\/strong><br \/>\n<a href=\"https:\/\/highway-buses.jp\/course\/kawaguchiko.php\" target=\"_blank\" rel=\"noopener\">Bus pour la gare Mt Fuji<\/a> (ou l&rsquo;arr\u00eat Shimoyoshida)[\/vc_column_text][\/vc_column][vc_column width=\u00a0\u00bb1\/3&Prime;][vc_column_text]<\/p>\n<h3>A\u00e9roports<\/h3>\n<p><strong>A\u00e9roport de Tokyo Haneda<\/strong><br \/>\n<a href=\"http:\/\/bus-en.fujikyu.co.jp\/highway\/detail\/id\/4\/\">Bus direct de l&rsquo;a\u00e9roport \u00e0 la gare Mt. Fuji<\/a><\/p>\n<p><strong>A\u00e9roport de Tokyo Narita<\/strong><br \/>\n<a href=\"https:\/\/www.jreast.co.jp\/e\/nex\/\">Narita Express jusqu&rsquo;\u00e0 Shinjuku<\/a> puis <a href=\"https:\/\/highway-buses.jp\/course\/kawaguchiko.php\">bus jusqu&rsquo;\u00e0 la gare Mt Fuji<\/a>[\/vc_column_text][\/vc_column][vc_column width=\u00a0\u00bb1\/3&Prime;][vc_column_text]<\/p>\n<h3><b>Kyoto<\/b><\/h3>\n<p><strong>Depuis la gare de Kyoto<br \/>\n<\/strong><a href=\"https:\/\/smart-ex.jp\/en\/lp\/app\/\" target=\"_blank\" rel=\"noopener\">Train jusqu&rsquo;\u00e0 la gare Shinfuji<\/a> puis <a href=\"http:\/\/bus-en.fujikyu.co.jp\/route\/detail\/id\/7\/\">bus jusqu&rsquo;\u00e0 la gare Mt Fuji<\/a><br \/>\nou<br \/>\n<a href=\"https:\/\/japanbusonline.com\/en\/CourseSearch\/12703240240\">Bus direct jusqu&rsquo;\u00e0 la gare Mt Fuji<\/a>[\/vc_column_text][\/vc_column][\/vc_row][vc_row row_height_percent=\u00a0\u00bb0&Prime; override_padding=\u00a0\u00bbyes\u00a0\u00bb h_padding=\u00a0\u00bb2&Prime; top_padding=\u00a0\u00bb4&Prime; bottom_padding=\u00a0\u00bb0&Prime; overlay_alpha=\u00a0\u00bb50&Prime; gutter_size=\u00a0\u00bb3&Prime; column_width_percent=\u00a0\u00bb100&Prime; shift_y=\u00a0\u00bb0&Prime; z_index=\u00a0\u00bb0&Prime;][vc_column width=\u00a0\u00bb1\/1&Prime;][vc_custom_heading css_animation=\u00a0\u00bbsingle-curtain\u00a0\u00bb animation_speed=\u00a0\u00bb1000&Prime;]Se d\u00e9placer autour du Mt Fuji en bus ou train[\/vc_custom_heading][vc_row_inner][vc_column_inner column_width_percent=\u00a0\u00bb100&Prime; gutter_size=\u00a0\u00bb3&Prime; overlay_alpha=\u00a0\u00bb50&Prime; shift_x=\u00a0\u00bb0&Prime; shift_y=\u00a0\u00bb0&Prime; shift_y_down=\u00a0\u00bb0&Prime; z_index=\u00a0\u00bb0&Prime; medium_width=\u00a0\u00bb7&Prime; mobile_width=\u00a0\u00bb7&Prime; width=\u00a0\u00bb2\/3&Prime;][vc_column_text css_animation=\u00a0\u00bbbottom-t-top\u00a0\u00bb animation_speed=\u00a0\u00bb1000&Prime;]La r\u00e9gion autour du Mt Fuji est riche en d\u00e9couvertes int\u00e9ressantes et pittoresques. Parmis les plus connues sont les 5 lacs qui entourent le volcans depuis lesquels on peut appr\u00e9cier une vue imprenable sur le Mt Fuji et donc la r\u00e9flection est appel\u00e9e \u00ab\u00a0Sakasa Fuji\u00a0\u00bb<\/p>\n<p>La gare du Mt Fuji ainsi que celle de FujiQ Highland sont les deux endroits depuis lesquels de nombreuses lignes d\u00e9sservent les villes majeures de la r\u00e9gion telle que Mishima, Nagoya, Osaka, Kofu, Matsumoto et Takayama&#8230;<\/p>\n<p>La carte ci-dessous vous donne une id\u00e9e de ces lignes. Et nous vous invitons a visiter <a href=\"http:\/\/bus-en.fujikyu.co.jp\/highway\/\" target=\"_blank\" rel=\"noopener\">le site de la compagnie de bus Fujikyuko<\/a> pour plus d&rsquo;informations sur ces lignes.[\/vc_column_text][\/vc_column_inner][vc_column_inner column_width_percent=\u00a0\u00bb100&Prime; gutter_size=\u00a0\u00bb3&Prime; overlay_alpha=\u00a0\u00bb50&Prime; shift_x=\u00a0\u00bb0&Prime; shift_y=\u00a0\u00bb0&Prime; shift_y_down=\u00a0\u00bb0&Prime; z_index=\u00a0\u00bb0&Prime; medium_visibility=\u00a0\u00bbyes\u00a0\u00bb medium_width=\u00a0\u00bb0&Prime; mobile_visibility=\u00a0\u00bbyes\u00a0\u00bb mobile_width=\u00a0\u00bb0&Prime; width=\u00a0\u00bb1\/3&Prime;][\/vc_column_inner][\/vc_row_inner][\/vc_column][\/vc_row][vc_row row_height_percent=\u00a0\u00bb0&Prime; override_padding=\u00a0\u00bbyes\u00a0\u00bb h_padding=\u00a0\u00bb0&Prime; top_padding=\u00a0\u00bb2&Prime; bottom_padding=\u00a0\u00bb6&Prime; overlay_alpha=\u00a0\u00bb50&Prime; gutter_size=\u00a0\u00bb3&Prime; column_width_percent=\u00a0\u00bb100&Prime; shift_y=\u00a0\u00bb0&Prime; z_index=\u00a0\u00bb0&Prime;][vc_column width=\u00a0\u00bb1\/1&Prime;][vc_single_image media=\u00a0\u00bb1038&Prime; media_lightbox=\u00a0\u00bbyes\u00a0\u00bb media_width_percent=\u00a0\u00bb100&Prime; advanced=\u00a0\u00bbyes\u00a0\u00bb media_items=\u00a0\u00bbmedia|original,icon|md\u00a0\u00bb media_overlay_opacity=\u00a0\u00bb50&Prime; media_h_align=\u00a0\u00bbcenter\u00a0\u00bb media_h_position=\u00a0\u00bbcenter\u00a0\u00bb media_padding=\u00a0\u00bb2&Prime; media_icon=\u00a0\u00bbfa fa-expand3&Prime; css_animation=\u00a0\u00bbbottom-t-top\u00a0\u00bb animation_speed=\u00a0\u00bb1000&Prime;][\/vc_column][\/vc_row]<\/p>\n<\/section>","protected":false},"excerpt":{"rendered":"<p>[vc_row row_height_percent=\u00a0\u00bb65&Prime; back_image=\u00a0\u00bb105294&Prime; back_position=\u00a0\u00bbcenter bottom\u00a0\u00bb parallax=\u00a0\u00bbyes\u00a0\u00bb overlay_alpha=\u00a0\u00bb15&Prime; gutter_size=\u00a0\u00bb3&Prime; column_width_percent=\u00a0\u00bb100&Prime; shift_y=\u00a0\u00bb0&Prime; z_index=\u00a0\u00bb0&Prime; uncode_shortcode_id=\u00a0\u00bb158201&Prime;][vc_column column_width_percent=\u00a0\u00bb100&Prime; position_vertical=\u00a0\u00bbmiddle\u00a0\u00bb align_horizontal=\u00a0\u00bbalign_center\u00a0\u00bb gutter_size=\u00a0\u00bb3&Prime; style=\u00a0\u00bbdark\u00a0\u00bb overlay_alpha=\u00a0\u00bb50&Prime; shift_x=\u00a0\u00bb0&Prime; shift_y=\u00a0\u00bb0&Prime; [&hellip;]<\/p>\n","protected":false},"author":1,"featured_media":105294,"parent":0,"menu_order":0,"comment_status":"closed","ping_status":"closed","template":"","meta":{"footnotes":""},"yoast_head":"<!-- This site is optimized with the Yoast SEO plugin v21.5 - https:\/\/yoast.com\/wordpress\/plugins\/seo\/ -->\n<title>Acc\u00e9dez au parking de Saruya Hostel ou bien venez en train ou en bus.<\/title>\n<meta name=\"description\" content=\"D\u00e9couvrez comment acc\u00e9der au parking de Saruya Hostel et comment venir en train ou en bus depuis Tokyo et Kyoto et comment voyager autour du mont Fuji\" \/>\n<meta name=\"robots\" content=\"index, follow, max-snippet:-1, max-image-preview:large, max-video-preview:-1\" \/>\n<link rel=\"canonical\" href=\"https:\/\/saruya-hostel.com\/fr\/acces\/\" \/>\n<meta property=\"og:locale\" content=\"fr_FR\" \/>\n<meta property=\"og:type\" content=\"article\" \/>\n<meta property=\"og:title\" content=\"Acc\u00e9dez au parking de Saruya Hostel ou bien venez en train ou en bus.\" \/>\n<meta property=\"og:description\" content=\"D\u00e9couvrez comment acc\u00e9der au parking de Saruya Hostel et comment venir en train ou en bus depuis Tokyo et Kyoto et comment voyager autour du mont Fuji\" \/>\n<meta property=\"og:url\" content=\"https:\/\/saruya-hostel.com\/fr\/acces\/\" \/>\n<meta property=\"og:site_name\" content=\"Saruya Hostel\" \/>\n<meta property=\"article:publisher\" content=\"https:\/\/www.facebook.com\/saruya.hostel\/\" \/>\n<meta property=\"article:modified_time\" content=\"2023-06-22T07:37:19+00:00\" \/>\n<meta property=\"og:image\" content=\"https:\/\/saruya-hostel.com\/wp-content\/uploads\/2021\/02\/access-page-header-1.jpg\" \/>\n<meta name=\"twitter:card\" content=\"summary_large_image\" \/>\n<meta name=\"twitter:title\" content=\"Acc\u00e9dez au parking de Saruya Hostel ou bien venez en train ou en bus.\" \/>\n<meta name=\"twitter:description\" content=\"D\u00e9couvrez comment acc\u00e9der au parking de Saruya Hostel et comment venir en train ou en bus depuis Tokyo et Kyoto et comment voyager autour du mont Fuji\" \/>\n<meta name=\"twitter:image\" content=\"https:\/\/saruya-hostel.com\/wp-content\/uploads\/2021\/02\/access-page-header-1.jpg\" \/>\n<meta name=\"twitter:label1\" content=\"Dur\u00e9e de lecture estim\u00e9e\" \/>\n\t<meta name=\"twitter:data1\" content=\"3 minutes\" \/>\n<script type=\"application\/ld+json\" class=\"yoast-schema-graph\">{\"@context\":\"https:\/\/schema.org\",\"@graph\":[{\"@type\":\"WebPage\",\"@id\":\"https:\/\/saruya-hostel.com\/fr\/acces\/\",\"url\":\"https:\/\/saruya-hostel.com\/fr\/acces\/\",\"name\":\"Acc\u00e9dez au parking de Saruya Hostel ou bien venez en train ou en bus.\",\"isPartOf\":{\"@id\":\"https:\/\/saruya-hostel.com\/fr\/#website\"},\"datePublished\":\"2021-03-01T06:05:32+00:00\",\"dateModified\":\"2023-06-22T07:37:19+00:00\",\"description\":\"D\u00e9couvrez comment acc\u00e9der au parking de Saruya Hostel et comment venir en train ou en bus depuis Tokyo et Kyoto et comment voyager autour du mont Fuji\",\"breadcrumb\":{\"@id\":\"https:\/\/saruya-hostel.com\/fr\/acces\/#breadcrumb\"},\"inLanguage\":\"fr-FR\",\"potentialAction\":[{\"@type\":\"ReadAction\",\"target\":[\"https:\/\/saruya-hostel.com\/fr\/acces\/\"]}]},{\"@type\":\"BreadcrumbList\",\"@id\":\"https:\/\/saruya-hostel.com\/fr\/acces\/#breadcrumb\",\"itemListElement\":[{\"@type\":\"ListItem\",\"position\":1,\"name\":\"Home\",\"item\":\"https:\/\/saruya-hostel.com\/fr\/\"},{\"@type\":\"ListItem\",\"position\":2,\"name\":\"Acc\u00e8s\"}]},{\"@type\":\"WebSite\",\"@id\":\"https:\/\/saruya-hostel.com\/fr\/#website\",\"url\":\"https:\/\/saruya-hostel.com\/fr\/\",\"name\":\"Saruya Hostel\",\"description\":\"A Boutique Hostel at the foot of Mt Fuji\",\"publisher\":{\"@id\":\"https:\/\/saruya-hostel.com\/fr\/#organization\"},\"potentialAction\":[{\"@type\":\"SearchAction\",\"target\":{\"@type\":\"EntryPoint\",\"urlTemplate\":\"https:\/\/saruya-hostel.com\/fr\/?s={search_term_string}\"},\"query-input\":\"required name=search_term_string\"}],\"inLanguage\":\"fr-FR\"},{\"@type\":\"Organization\",\"@id\":\"https:\/\/saruya-hostel.com\/fr\/#organization\",\"name\":\"Saruya Hostel\",\"url\":\"https:\/\/saruya-hostel.com\/fr\/\",\"logo\":{\"@type\":\"ImageObject\",\"inLanguage\":\"fr-FR\",\"@id\":\"https:\/\/saruya-hostel.com\/fr\/#\/schema\/logo\/image\/\",\"url\":\"https:\/\/saruya-hostel.com\/wp-content\/uploads\/2020\/08\/saruya-hostel-logo.png\",\"contentUrl\":\"https:\/\/saruya-hostel.com\/wp-content\/uploads\/2020\/08\/saruya-hostel-logo.png\",\"width\":1280,\"height\":558,\"caption\":\"Saruya Hostel\"},\"image\":{\"@id\":\"https:\/\/saruya-hostel.com\/fr\/#\/schema\/logo\/image\/\"},\"sameAs\":[\"https:\/\/www.facebook.com\/saruya.hostel\/\",\"https:\/\/www.instagram.com\/hostelsaruya\"]}]}<\/script>\n<!-- \/ Yoast SEO plugin. -->","yoast_head_json":{"title":"Acc\u00e9dez au parking de Saruya Hostel ou bien venez en train ou en bus.","description":"D\u00e9couvrez comment acc\u00e9der au parking de Saruya Hostel et comment venir en train ou en bus depuis Tokyo et Kyoto et comment voyager autour du mont Fuji","robots":{"index":"index","follow":"follow","max-snippet":"max-snippet:-1","max-image-preview":"max-image-preview:large","max-video-preview":"max-video-preview:-1"},"canonical":"https:\/\/saruya-hostel.com\/fr\/acces\/","og_locale":"fr_FR","og_type":"article","og_title":"Acc\u00e9dez au parking de Saruya Hostel ou bien venez en train ou en bus.","og_description":"D\u00e9couvrez comment acc\u00e9der au parking de Saruya Hostel et comment venir en train ou en bus depuis Tokyo et Kyoto et comment voyager autour du mont Fuji","og_url":"https:\/\/saruya-hostel.com\/fr\/acces\/","og_site_name":"Saruya Hostel","article_publisher":"https:\/\/www.facebook.com\/saruya.hostel\/","article_modified_time":"2023-06-22T07:37:19+00:00","og_image":[{"url":"https:\/\/saruya-hostel.com\/wp-content\/uploads\/2021\/02\/access-page-header-1.jpg"}],"twitter_card":"summary_large_image","twitter_title":"Acc\u00e9dez au parking de Saruya Hostel ou bien venez en train ou en bus.","twitter_description":"D\u00e9couvrez comment acc\u00e9der au parking de Saruya Hostel et comment venir en train ou en bus depuis Tokyo et Kyoto et comment voyager autour du mont Fuji","twitter_image":"https:\/\/saruya-hostel.com\/wp-content\/uploads\/2021\/02\/access-page-header-1.jpg","twitter_misc":{"Dur\u00e9e de lecture estim\u00e9e":"3 minutes"},"schema":{"@context":"https:\/\/schema.org","@graph":[{"@type":"WebPage","@id":"https:\/\/saruya-hostel.com\/fr\/acces\/","url":"https:\/\/saruya-hostel.com\/fr\/acces\/","name":"Acc\u00e9dez au parking de Saruya Hostel ou bien venez en train ou en bus.","isPartOf":{"@id":"https:\/\/saruya-hostel.com\/fr\/#website"},"datePublished":"2021-03-01T06:05:32+00:00","dateModified":"2023-06-22T07:37:19+00:00","description":"D\u00e9couvrez comment acc\u00e9der au parking de Saruya Hostel et comment venir en train ou en bus depuis Tokyo et Kyoto et comment voyager autour du mont Fuji","breadcrumb":{"@id":"https:\/\/saruya-hostel.com\/fr\/acces\/#breadcrumb"},"inLanguage":"fr-FR","potentialAction":[{"@type":"ReadAction","target":["https:\/\/saruya-hostel.com\/fr\/acces\/"]}]},{"@type":"BreadcrumbList","@id":"https:\/\/saruya-hostel.com\/fr\/acces\/#breadcrumb","itemListElement":[{"@type":"ListItem","position":1,"name":"Home","item":"https:\/\/saruya-hostel.com\/fr\/"},{"@type":"ListItem","position":2,"name":"Acc\u00e8s"}]},{"@type":"WebSite","@id":"https:\/\/saruya-hostel.com\/fr\/#website","url":"https:\/\/saruya-hostel.com\/fr\/","name":"Saruya Hostel","description":"A Boutique Hostel at the foot of Mt Fuji","publisher":{"@id":"https:\/\/saruya-hostel.com\/fr\/#organization"},"potentialAction":[{"@type":"SearchAction","target":{"@type":"EntryPoint","urlTemplate":"https:\/\/saruya-hostel.com\/fr\/?s={search_term_string}"},"query-input":"required name=search_term_string"}],"inLanguage":"fr-FR"},{"@type":"Organization","@id":"https:\/\/saruya-hostel.com\/fr\/#organization","name":"Saruya Hostel","url":"https:\/\/saruya-hostel.com\/fr\/","logo":{"@type":"ImageObject","inLanguage":"fr-FR","@id":"https:\/\/saruya-hostel.com\/fr\/#\/schema\/logo\/image\/","url":"https:\/\/saruya-hostel.com\/wp-content\/uploads\/2020\/08\/saruya-hostel-logo.png","contentUrl":"https:\/\/saruya-hostel.com\/wp-content\/uploads\/2020\/08\/saruya-hostel-logo.png","width":1280,"height":558,"caption":"Saruya Hostel"},"image":{"@id":"https:\/\/saruya-hostel.com\/fr\/#\/schema\/logo\/image\/"},"sameAs":["https:\/\/www.facebook.com\/saruya.hostel\/","https:\/\/www.instagram.com\/hostelsaruya"]}]}},"_links":{"self":[{"href":"https:\/\/saruya-hostel.com\/fr\/wp-json\/wp\/v2\/pages\/1114"}],"collection":[{"href":"https:\/\/saruya-hostel.com\/fr\/wp-json\/wp\/v2\/pages"}],"about":[{"href":"https:\/\/saruya-hostel.com\/fr\/wp-json\/wp\/v2\/types\/page"}],"author":[{"embeddable":true,"href":"https:\/\/saruya-hostel.com\/fr\/wp-json\/wp\/v2\/users\/1"}],"replies":[{"embeddable":true,"href":"https:\/\/saruya-hostel.com\/fr\/wp-json\/wp\/v2\/comments?post=1114"}],"version-history":[{"count":21,"href":"https:\/\/saruya-hostel.com\/fr\/wp-json\/wp\/v2\/pages\/1114\/revisions"}],"predecessor-version":[{"id":105619,"href":"https:\/\/saruya-hostel.com\/fr\/wp-json\/wp\/v2\/pages\/1114\/revisions\/105619"}],"wp:featuredmedia":[{"embeddable":true,"href":"https:\/\/saruya-hostel.com\/fr\/wp-json\/wp\/v2\/media\/105294"}],"wp:attachment":[{"href":"https:\/\/saruya-hostel.com\/fr\/wp-json\/wp\/v2\/media?parent=1114"}],"curies":[{"name":"wp","href":"https:\/\/api.w.org\/{rel}","templated":true}]}}